{"id":588,"date":"2018-05-16T13:04:01","date_gmt":"2018-05-16T11:04:01","guid":{"rendered":"https:\/\/matchthemes.com\/demowp\/caverta\/?page_id=588"},"modified":"2022-08-03T13:22:23","modified_gmt":"2022-08-03T11:22:23","slug":"mint-paris","status":"publish","type":"page","link":"https:\/\/lemint.fr\/sud\/","title":{"rendered":"Accueil"},"content":{"rendered":"\t\t<div data-elementor-type=\"wp-post\" data-elementor-id=\"588\" class=\"elementor elementor-588\">\n\t\t\t\t\t\t<div class=\"elementor-inner\">\n\t\t\t\t<div class=\"elementor-section-wrap\">\n\t\t\t\t\t\t\t\t\t<section class=\"elementor-section elementor-top-section elementor-element elementor-element-383c2976 elementor-section-content-middle elementor-section-boxed elementor-section-height-default elementor-section-height-default\" data-id=\"383c2976\" data-element_type=\"section\">\n\t\t\t\t\t\t<div class=\"elementor-container elementor-column-gap-default\">\n\t\t\t\t\t\t\t<div class=\"elementor-row\">\n\t\t\t\t\t<div class=\"elementor-column elementor-col-33 elementor-top-column elementor-element elementor-element-383e56f\" data-id=\"383e56f\" data-element_type=\"column\">\n\t\t\t<div class=\"elementor-column-wrap elementor-element-populated\">\n\t\t\t\t\t\t\t<div class=\"elementor-widget-wrap\">\n\t\t\t\t\t\t\t\t<\/div>\n\t\t\t\t\t<\/div>\n\t\t<\/div>\n\t\t\t\t<div class=\"elementor-column elementor-col-33 elementor-top-column elementor-element elementor-element-a14c42d\" data-id=\"a14c42d\" data-element_type=\"column\">\n\t\t\t<div class=\"elementor-column-wrap elementor-element-populated\">\n\t\t\t\t\t\t\t<div class=\"elementor-widget-wrap\">\n\t\t\t\t\t\t<div class=\"elementor-element elementor-element-62a44ddc elementor-widget elementor-widget-text-editor\" data-id=\"62a44ddc\" data-element_type=\"widget\" data-widget_type=\"text-editor.default\">\n\t\t\t\t<div class=\"elementor-widget-container\">\n\t\t\t\t\t\t\t\t<div class=\"elementor-text-editor elementor-clearfix\">\n\t\t\t\t<div class=\"smalltitle margin-b16\">MERCI<\/div><h2 class=\"home-title\">LE MINT PARIS SUD<\/h2><h6>Apr\u00e8s 12 belles ann\u00e9es pass\u00e9es \u00e0 vos cot\u00e9s, \u00e0 partager de bons moments ensemble, nous avons le regret de vous annoncer la fermeture d\u00e9finitive du MINT PARIS 13 apr\u00e8s la vente de notre \u00e9tablissement.<\/h6><h6>Mais&#8230; BONNE NOUVELLE ! Nous avons le plaisir de vous accueillir au <a href=\"https:\/\/lemint.fr\/ouest\/\">MINT Paris Ouest<\/a> \u00e0 Levallois-Perret au 52 rue Victor Hugo<\/h6><h6><a href=\"https:\/\/lemint.fr\/ouest\/\">L\u2019\u00e9quipe du MINT Paris Ouest vous attend nombreux tous les jours de 18h \u00e0 02h<\/a><\/h6>\t\t\t\t\t<\/div>\n\t\t\t\t\t\t<\/div>\n\t\t\t\t<\/div>\n\t\t\t\t\t\t<\/div>\n\t\t\t\t\t<\/div>\n\t\t<\/div>\n\t\t\t\t<div class=\"elementor-column elementor-col-33 elementor-top-column elementor-element elementor-element-a4e222b\" data-id=\"a4e222b\" data-element_type=\"column\">\n\t\t\t<div class=\"elementor-column-wrap elementor-element-populated\">\n\t\t\t\t\t\t\t<div class=\"elementor-widget-wrap\">\n\t\t\t\t\t\t\t\t<\/div>\n\t\t\t\t\t<\/div>\n\t\t<\/div>\n\t\t\t\t\t\t\t\t<\/div>\n\t\t\t\t\t<\/div>\n\t\t<\/section>\n\t\t\t\t\t\t\t\t\t<\/div>\n\t\t\t<\/div>\n\t\t\t\t\t<\/div>\n\t\t","protected":false},"excerpt":{"rendered":"<p>MERCI LE MINT PARIS SUD Apr\u00e8s 12 belles ann\u00e9es pass\u00e9es \u00e0 vos cot\u00e9s, \u00e0 partager de bons moments ensemble, nous avons le regret de vous annoncer la fermeture d\u00e9finitive du MINT PARIS 13 apr\u00e8s la vente de notre \u00e9tablissement. Mais&#8230; BONNE NOUVELLE ! Nous avons le plaisir de vous accueillir au MINT Paris Ouest \u00e0 Levallois-Perret au 52 rue Victor&#8230;<\/p>\n","protected":false},"author":1,"featured_media":0,"parent":0,"menu_order":0,"comment_status":"closed","ping_status":"closed","template":"my-templates\/template-home.php","meta":[],"yoast_head":"<!-- This site is optimized with the Yoast SEO plugin v19.4 - https:\/\/yoast.com\/wordpress\/plugins\/seo\/ -->\n<title>Mint Paris Sud : Restaurant Lounge sur Paris<\/title>\n<meta name=\"description\" content=\"Le Mint Paris Sud, un restaurant lounge sur Paris. D\u00e9couvrez un \u00e9tablissement atypique dans le nouveau quartier d\u2019affaire \u00e0 Paris, le Mint s\u2019est impos\u00e9 comme un des lieux culturels de la capitale.\" \/>\n<meta name=\"robots\" content=\"index, follow, max-snippet:-1, max-image-preview:large, max-video-preview:-1\" \/>\n<link rel=\"canonical\" href=\"https:\/\/lemint.fr\/sud\/\" \/>\n<meta property=\"og:locale\" content=\"fr_FR\" \/>\n<meta property=\"og:type\" content=\"article\" \/>\n<meta property=\"og:title\" content=\"Mint Paris Sud : Restaurant Lounge sur Paris\" \/>\n<meta property=\"og:description\" content=\"Le Mint Paris Sud, un restaurant lounge sur Paris. D\u00e9couvrez un \u00e9tablissement atypique dans le nouveau quartier d\u2019affaire \u00e0 Paris, le Mint s\u2019est impos\u00e9 comme un des lieux culturels de la capitale.\" \/>\n<meta property=\"og:url\" content=\"https:\/\/lemint.fr\/sud\/\" \/>\n<meta property=\"og:site_name\" content=\"MINT PARIS SUD\" \/>\n<meta property=\"article:publisher\" content=\"https:\/\/www.facebook.com\/MintParisSud\" \/>\n<meta property=\"article:modified_time\" content=\"2022-08-03T11:22:23+00:00\" \/>\n<meta name=\"twitter:card\" content=\"summary_large_image\" \/>\n<meta name=\"twitter:label1\" content=\"Dur\u00e9e de lecture estim\u00e9e\" \/>\n\t<meta name=\"twitter:data1\" content=\"1 minute\" \/>\n<script type=\"application\/ld+json\" class=\"yoast-schema-graph\">{\"@context\":\"https:\/\/schema.org\",\"@graph\":[{\"@type\":\"Organization\",\"@id\":\"https:\/\/lemint.fr\/sud\/#organization\",\"name\":\"Le Mint Paris Sud\",\"url\":\"https:\/\/lemint.fr\/sud\/\",\"sameAs\":[\"https:\/\/www.instagram.com\/lemintparis\/\",\"https:\/\/www.facebook.com\/MintParisSud\"],\"logo\":{\"@type\":\"ImageObject\",\"inLanguage\":\"fr-FR\",\"@id\":\"https:\/\/lemint.fr\/sud\/#\/schema\/logo\/image\/\",\"url\":\"https:\/\/lemint.fr\/sud\/wp-content\/uploads\/2022\/06\/logo-mint-paris-sud.png\",\"contentUrl\":\"https:\/\/lemint.fr\/sud\/wp-content\/uploads\/2022\/06\/logo-mint-paris-sud.png\",\"width\":1024,\"height\":437,\"caption\":\"Le Mint Paris Sud\"},\"image\":{\"@id\":\"https:\/\/lemint.fr\/sud\/#\/schema\/logo\/image\/\"}},{\"@type\":\"WebSite\",\"@id\":\"https:\/\/lemint.fr\/sud\/#website\",\"url\":\"https:\/\/lemint.fr\/sud\/\",\"name\":\"MINT PARIS SUD\",\"description\":\"\",\"publisher\":{\"@id\":\"https:\/\/lemint.fr\/sud\/#organization\"},\"potentialAction\":[{\"@type\":\"SearchAction\",\"target\":{\"@type\":\"EntryPoint\",\"urlTemplate\":\"https:\/\/lemint.fr\/sud\/?s={search_term_string}\"},\"query-input\":\"required name=search_term_string\"}],\"inLanguage\":\"fr-FR\"},{\"@type\":\"WebPage\",\"@id\":\"https:\/\/lemint.fr\/sud\/\",\"url\":\"https:\/\/lemint.fr\/sud\/\",\"name\":\"Mint Paris Sud : Restaurant Lounge sur Paris\",\"isPartOf\":{\"@id\":\"https:\/\/lemint.fr\/sud\/#website\"},\"datePublished\":\"2018-05-16T11:04:01+00:00\",\"dateModified\":\"2022-08-03T11:22:23+00:00\",\"description\":\"Le Mint Paris Sud, un restaurant lounge sur Paris. D\u00e9couvrez un \u00e9tablissement atypique dans le nouveau quartier d\u2019affaire \u00e0 Paris, le Mint s\u2019est impos\u00e9 comme un des lieux culturels de la capitale.\",\"breadcrumb\":{\"@id\":\"https:\/\/lemint.fr\/sud\/#breadcrumb\"},\"inLanguage\":\"fr-FR\",\"potentialAction\":[{\"@type\":\"ReadAction\",\"target\":[\"https:\/\/lemint.fr\/sud\/\"]}]},{\"@type\":\"BreadcrumbList\",\"@id\":\"https:\/\/lemint.fr\/sud\/#breadcrumb\",\"itemListElement\":[{\"@type\":\"ListItem\",\"position\":1,\"name\":\"Home\",\"item\":\"https:\/\/lemint.fr\/sud\/\"},{\"@type\":\"ListItem\",\"position\":2,\"name\":\"Accueil\"}]}]}<\/script>\n<!-- \/ Yoast SEO plugin. -->","yoast_head_json":{"title":"Mint Paris Sud : Restaurant Lounge sur Paris","description":"Le Mint Paris Sud, un restaurant lounge sur Paris. D\u00e9couvrez un \u00e9tablissement atypique dans le nouveau quartier d\u2019affaire \u00e0 Paris, le Mint s\u2019est impos\u00e9 comme un des lieux culturels de la capitale.","robots":{"index":"index","follow":"follow","max-snippet":"max-snippet:-1","max-image-preview":"max-image-preview:large","max-video-preview":"max-video-preview:-1"},"canonical":"https:\/\/lemint.fr\/sud\/","og_locale":"fr_FR","og_type":"article","og_title":"Mint Paris Sud : Restaurant Lounge sur Paris","og_description":"Le Mint Paris Sud, un restaurant lounge sur Paris. D\u00e9couvrez un \u00e9tablissement atypique dans le nouveau quartier d\u2019affaire \u00e0 Paris, le Mint s\u2019est impos\u00e9 comme un des lieux culturels de la capitale.","og_url":"https:\/\/lemint.fr\/sud\/","og_site_name":"MINT PARIS SUD","article_publisher":"https:\/\/www.facebook.com\/MintParisSud","article_modified_time":"2022-08-03T11:22:23+00:00","twitter_card":"summary_large_image","twitter_misc":{"Dur\u00e9e de lecture estim\u00e9e":"1 minute"},"schema":{"@context":"https:\/\/schema.org","@graph":[{"@type":"Organization","@id":"https:\/\/lemint.fr\/sud\/#organization","name":"Le Mint Paris Sud","url":"https:\/\/lemint.fr\/sud\/","sameAs":["https:\/\/www.instagram.com\/lemintparis\/","https:\/\/www.facebook.com\/MintParisSud"],"logo":{"@type":"ImageObject","inLanguage":"fr-FR","@id":"https:\/\/lemint.fr\/sud\/#\/schema\/logo\/image\/","url":"https:\/\/lemint.fr\/sud\/wp-content\/uploads\/2022\/06\/logo-mint-paris-sud.png","contentUrl":"https:\/\/lemint.fr\/sud\/wp-content\/uploads\/2022\/06\/logo-mint-paris-sud.png","width":1024,"height":437,"caption":"Le Mint Paris Sud"},"image":{"@id":"https:\/\/lemint.fr\/sud\/#\/schema\/logo\/image\/"}},{"@type":"WebSite","@id":"https:\/\/lemint.fr\/sud\/#website","url":"https:\/\/lemint.fr\/sud\/","name":"MINT PARIS SUD","description":"","publisher":{"@id":"https:\/\/lemint.fr\/sud\/#organization"},"potentialAction":[{"@type":"SearchAction","target":{"@type":"EntryPoint","urlTemplate":"https:\/\/lemint.fr\/sud\/?s={search_term_string}"},"query-input":"required name=search_term_string"}],"inLanguage":"fr-FR"},{"@type":"WebPage","@id":"https:\/\/lemint.fr\/sud\/","url":"https:\/\/lemint.fr\/sud\/","name":"Mint Paris Sud : Restaurant Lounge sur Paris","isPartOf":{"@id":"https:\/\/lemint.fr\/sud\/#website"},"datePublished":"2018-05-16T11:04:01+00:00","dateModified":"2022-08-03T11:22:23+00:00","description":"Le Mint Paris Sud, un restaurant lounge sur Paris. D\u00e9couvrez un \u00e9tablissement atypique dans le nouveau quartier d\u2019affaire \u00e0 Paris, le Mint s\u2019est impos\u00e9 comme un des lieux culturels de la capitale.","breadcrumb":{"@id":"https:\/\/lemint.fr\/sud\/#breadcrumb"},"inLanguage":"fr-FR","potentialAction":[{"@type":"ReadAction","target":["https:\/\/lemint.fr\/sud\/"]}]},{"@type":"BreadcrumbList","@id":"https:\/\/lemint.fr\/sud\/#breadcrumb","itemListElement":[{"@type":"ListItem","position":1,"name":"Home","item":"https:\/\/lemint.fr\/sud\/"},{"@type":"ListItem","position":2,"name":"Accueil"}]}]}},"_links":{"self":[{"href":"https:\/\/lemint.fr\/sud\/wp-json\/wp\/v2\/pages\/588"}],"collection":[{"href":"https:\/\/lemint.fr\/sud\/wp-json\/wp\/v2\/pages"}],"about":[{"href":"https:\/\/lemint.fr\/sud\/wp-json\/wp\/v2\/types\/page"}],"author":[{"embeddable":true,"href":"https:\/\/lemint.fr\/sud\/wp-json\/wp\/v2\/users\/1"}],"replies":[{"embeddable":true,"href":"https:\/\/lemint.fr\/sud\/wp-json\/wp\/v2\/comments?post=588"}],"version-history":[{"count":72,"href":"https:\/\/lemint.fr\/sud\/wp-json\/wp\/v2\/pages\/588\/revisions"}],"predecessor-version":[{"id":1616,"href":"https:\/\/lemint.fr\/sud\/wp-json\/wp\/v2\/pages\/588\/revisions\/1616"}],"wp:attachment":[{"href":"https:\/\/lemint.fr\/sud\/wp-json\/wp\/v2\/media?parent=588"}],"curies":[{"name":"wp","href":"https:\/\/api.w.org\/{rel}","templated":true}]}}