{"id":5655,"date":"2024-11-07T05:52:02","date_gmt":"2024-11-07T04:52:02","guid":{"rendered":"https:\/\/lemint.fr\/ouest\/?page_id=5655"},"modified":"2025-10-03T15:32:28","modified_gmt":"2025-10-03T13:32:28","slug":"musique","status":"publish","type":"page","link":"https:\/\/lemint.fr\/ouest\/musique\/","title":{"rendered":"MUSIQUE"},"content":{"rendered":"\t\t<div data-elementor-type=\"wp-page\" data-elementor-id=\"5655\" class=\"elementor elementor-5655\">\n\t\t\t\t\t\t<section class=\"elementor-section elementor-top-section elementor-element elementor-element-c615eff elementor-section-boxed elementor-section-height-default elementor-section-height-default\" data-id=\"c615eff\" data-element_type=\"section\" data-settings=\"{&quot;_ha_eqh_enable&quot;:false}\">\n\t\t\t\t\t\t<div class=\"elementor-container elementor-column-gap-default\">\n\t\t\t\t\t<div class=\"elementor-column elementor-col-100 elementor-top-column elementor-element elementor-element-cd11ed2\" data-id=\"cd11ed2\" data-element_type=\"column\">\n\t\t\t<div class=\"elementor-widget-wrap elementor-element-populated\">\n\t\t\t\t\t\t<div class=\"elementor-element elementor-element-5d31031 elementor-widget elementor-widget-text-editor\" data-id=\"5d31031\" data-element_type=\"widget\" data-widget_type=\"text-editor.default\">\n\t\t\t\t<div class=\"elementor-widget-container\">\n\t\t\t\t\t\t\t<p class=\"p1\"><span class=\"s1\">Au Mint, la musique est au c\u0153ur de notre ambiance. Nous avons cr\u00e9\u00e9 cet espace pour partager avec vous nos playlists exclusives, soigneusement s\u00e9lectionn\u00e9es pour accompagner vos moments chez nous.<\/span><\/p><p class=\"p1\"><span class=\"s1\">Plongez dans notre univers musical et laissez-vous emporter par des sons qui refl\u00e8tent notre identit\u00e9 et notre style unique.\u00a0<\/span><\/p><p class=\"p1\"><strong><span class=\"s1\">Vous avez une suggestion ou un morceau que vous adorez ? Faites-le-nous savoir via le formulaire ci-dessous.<\/span><\/strong><\/p>\t\t\t\t\t\t<\/div>\n\t\t\t\t<\/div>\n\t\t\t\t\t<\/div>\n\t\t<\/div>\n\t\t\t\t\t<\/div>\n\t\t<\/section>\n\t\t\t\t<section class=\"elementor-section elementor-top-section elementor-element elementor-element-328ca49 elementor-section-boxed elementor-section-height-default elementor-section-height-default\" data-id=\"328ca49\" data-element_type=\"section\" data-settings=\"{&quot;_ha_eqh_enable&quot;:false}\">\n\t\t\t\t\t\t<div class=\"elementor-container elementor-column-gap-default\">\n\t\t\t\t\t<div class=\"elementor-column elementor-col-100 elementor-top-column elementor-element elementor-element-47ec9bc\" data-id=\"47ec9bc\" data-element_type=\"column\">\n\t\t\t<div class=\"elementor-widget-wrap elementor-element-populated\">\n\t\t\t\t\t\t<div class=\"elementor-element elementor-element-eccd789 elementor-widget elementor-widget-image\" data-id=\"eccd789\" data-element_type=\"widget\" data-widget_type=\"image.default\">\n\t\t\t\t<div class=\"elementor-widget-container\">\n\t\t\t\t\t\t\t\t\t\t\t\t\t\t<a href=\"https:\/\/open.spotify.com\/user\/zqd99cdff0i3qat8ioz1t2odd?si=P5Je17anQX-8wsgqwWfcew\">\n\t\t\t\t\t\t\t<img fetchpriority=\"high\" decoding=\"async\" width=\"953\" height=\"163\" src=\"https:\/\/lemint.fr\/ouest\/wp-content\/uploads\/2025\/10\/IMG_1589.png\" class=\"attachment-large size-large wp-image-7815\" alt=\"\" srcset=\"https:\/\/lemint.fr\/ouest\/wp-content\/uploads\/2025\/10\/IMG_1589.png 953w, https:\/\/lemint.fr\/ouest\/wp-content\/uploads\/2025\/10\/IMG_1589-300x51.png 300w, https:\/\/lemint.fr\/ouest\/wp-content\/uploads\/2025\/10\/IMG_1589-768x131.png 768w, https:\/\/lemint.fr\/ouest\/wp-content\/uploads\/2025\/10\/IMG_1589-200x34.png 200w\" sizes=\"(max-width: 953px) 100vw, 953px\" \/>\t\t\t\t\t\t\t\t<\/a>\n\t\t\t\t\t\t\t\t\t\t\t\t\t<\/div>\n\t\t\t\t<\/div>\n\t\t\t\t\t<\/div>\n\t\t<\/div>\n\t\t\t\t\t<\/div>\n\t\t<\/section>\n\t\t\t\t<section class=\"elementor-section elementor-top-section elementor-element elementor-element-f1a63aa elementor-section-boxed elementor-section-height-default elementor-section-height-default\" data-id=\"f1a63aa\" data-element_type=\"section\" data-settings=\"{&quot;_ha_eqh_enable&quot;:false}\">\n\t\t\t\t\t\t<div class=\"elementor-container elementor-column-gap-default\">\n\t\t\t\t\t<div class=\"elementor-column elementor-col-100 elementor-top-column elementor-element elementor-element-99266c9\" data-id=\"99266c9\" data-element_type=\"column\">\n\t\t\t<div class=\"elementor-widget-wrap elementor-element-populated\">\n\t\t\t\t\t\t<div class=\"elementor-element elementor-element-66ce935 ha-form-btn--left elementor-widget elementor-widget-ha-ninjaform happy-addon ha-ninjaform\" data-id=\"66ce935\" data-element_type=\"widget\" data-widget_type=\"ha-ninjaform.default\">\n\t\t\t\t<div class=\"elementor-widget-container\">\n\t\t\t<noscript class=\"ninja-forms-noscript-message\">\n\tRemarque\u00a0: JavaScript est requis pour ce contenu.<\/noscript>\n<div id=\"nf-form-7-cont\" class=\"nf-form-cont\" aria-live=\"polite\" aria-labelledby=\"nf-form-title-7\" aria-describedby=\"nf-form-errors-7\" role=\"form\">\n\n    <div class=\"nf-loading-spinner\"><\/div>\n\n<\/div>\n        <!-- That data is being printed as a workaround to page builders reordering the order of the scripts loaded-->\n        <script>var formDisplay=1;var nfForms=nfForms||[];var form=[];form.id='7';form.settings={\"objectType\":\"Form Setting\",\"editActive\":\"1\",\"title\":\"Questionnaire - copier\",\"default_label_pos\":\"above\",\"show_title\":\"0\",\"clear_complete\":\"1\",\"hide_complete\":\"1\",\"logged_in\":\"0\",\"wrapper_class\":\"\",\"element_class\":\"\",\"key\":\"\",\"add_submit\":\"1\",\"currency\":\"\",\"unique_field_error\":\"A form with this value has already been submitted.\",\"not_logged_in_msg\":\"\",\"sub_limit_msg\":\"The form has reached its submission limit.\",\"calculations\":[],\"formContentData\":[\"nom_de_l_artiste_1730954930679\",\"intitule_du_titre_1730960279317\",\"envoyez_1730956902846\"],\"drawerDisabled\":\"\",\"form_title_heading_level\":\"3\",\"allow_public_link\":0,\"embed_form\":\"\",\"ninjaForms\":\"Ninja Forms\",\"changeEmailErrorMsg\":\"Veuillez saisir une adresse de messagerie valide. Ex\\u00a0: jean.dupont@gmail.com\",\"changeDateErrorMsg\":\"Veuillez saisir une date valide\\u00a0!\",\"confirmFieldErrorMsg\":\"Ces champs doivent correspondre\\u00a0!\",\"fieldNumberNumMinError\":\"Erreur de nombre min.\",\"fieldNumberNumMaxError\":\"Erreur de nombre max.\",\"fieldNumberIncrementBy\":\"Veuillez incr\\u00e9menter par \",\"fieldTextareaRTEInsertLink\":\"Ins\\u00e9rer un lien\",\"fieldTextareaRTEInsertMedia\":\"Ins\\u00e9rer un m\\u00e9dia\",\"fieldTextareaRTESelectAFile\":\"S\\u00e9lectionnez un fichier\",\"formErrorsCorrectErrors\":\"Veuillez corriger les erreurs avant d\\u2019envoyer ce formulaire.\",\"formHoneypot\":\"Si vous \\u00eates un \\u00eatre humain et que vous voyez ce champ, veuillez le laisser vide.\",\"validateRequiredField\":\"Ce champ est obligatoire.\",\"honeypotHoneypotError\":\"Erreur Honeypot\",\"fileUploadOldCodeFileUploadInProgress\":\"T\\u00e9l\\u00e9versement du fichier en cours.\",\"fileUploadOldCodeFileUpload\":\"T\\u00c9L\\u00c9VERSEMENT DE FICHIER\",\"currencySymbol\":false,\"fieldsMarkedRequired\":\"Les champs marqu\\u00e9s d\\u2019un <span class=\\\"ninja-forms-req-symbol\\\">*<\\\/span> sont obligatoires\",\"thousands_sep\":\"\\u00a0\",\"decimal_point\":\",\",\"siteLocale\":\"fr_FR\",\"dateFormat\":\"m\\\/d\\\/Y\",\"startOfWeek\":\"1\",\"of\":\"sur\",\"previousMonth\":\"Mois pr\\u00e9c\\u00e9dent\",\"nextMonth\":\"Mois suivant\",\"months\":[\"Janvier\",\"F\\u00e9vrier\",\"Mars\",\"Avril\",\"Mai\",\"Juin\",\"Juillet\",\"Ao\\u00fbt\",\"Septembre\",\"Octobre\",\"Novembre\",\"D\\u00e9cembre\"],\"monthsShort\":[\"Jan\",\"F\\u00e9v\",\"Mar\",\"Avr\",\"Mai\",\"Juin\",\"Juil\",\"Ao\\u00fb\",\"Sep\",\"Oct\",\"Nov\",\"D\\u00e9c\"],\"weekdays\":[\"Dimanche\",\"Lundi\",\"Mardi\",\"Mercredi\",\"Jeudi\",\"Vendredi\",\"Samedi\"],\"weekdaysShort\":[\"Dim\",\"Lun\",\"Mar\",\"Mer\",\"Jeu\",\"Ven\",\"Sam\"],\"weekdaysMin\":[\"Di\",\"Lu\",\"Ma\",\"Me\",\"Je\",\"Ve\",\"Sa\"],\"recaptchaConsentMissing\":\"reCaptcha validation couldn&#039;t load.\",\"recaptchaMissingCookie\":\"reCaptcha v3 validation couldn&#039;t load the cookie needed to submit the form.\",\"recaptchaConsentEvent\":\"Accept reCaptcha cookies before sending the form.\",\"currency_symbol\":\"\",\"beforeForm\":\"\",\"beforeFields\":\"\",\"afterFields\":\"\",\"afterForm\":\"\"};form.fields=[{\"objectType\":\"Field\",\"objectDomain\":\"fields\",\"editActive\":false,\"order\":1,\"idAttribute\":\"id\",\"type\":\"firstname\",\"label\":\"Nom de l'artiste\",\"key\":\"nom_de_l_artiste_1730954930679\",\"label_pos\":\"above\",\"required\":1,\"default\":\"\",\"placeholder\":\"\",\"container_class\":\"one-half first\",\"element_class\":\"\",\"admin_label\":\"\",\"help_text\":\"\",\"custom_name_attribute\":\"fname\",\"field_label\":\"Nom de l'artiste\",\"field_key\":\"nom_de_l_artiste_1730954930679\",\"personally_identifiable\":1,\"value\":\"\",\"drawerDisabled\":\"\",\"id\":41,\"beforeField\":\"\",\"afterField\":\"\",\"parentType\":\"firstname\",\"element_templates\":[\"firstname\",\"input\"],\"old_classname\":\"\",\"wrap_template\":\"wrap\"},{\"objectType\":\"Field\",\"objectDomain\":\"fields\",\"editActive\":false,\"order\":2,\"idAttribute\":\"id\",\"type\":\"lastname\",\"label\":\"Intitul\\u00e9 du titre\",\"key\":\"intitule_du_titre_1730960279317\",\"label_pos\":\"above\",\"required\":1,\"default\":\"\",\"placeholder\":\"\",\"container_class\":\"one-half second\",\"element_class\":\"\",\"admin_label\":\"\",\"help_text\":\"\",\"custom_name_attribute\":\"lname\",\"drawerDisabled\":false,\"field_label\":\"Intitul\\u00e9 du titre\",\"field_key\":\"intitule_du_titre_1730960279317\",\"personally_identifiable\":1,\"value\":\"\",\"id\":42,\"beforeField\":\"\",\"afterField\":\"\",\"parentType\":\"lastname\",\"element_templates\":[\"lastname\",\"input\"],\"old_classname\":\"\",\"wrap_template\":\"wrap\"},{\"objectType\":\"Field\",\"objectDomain\":\"fields\",\"editActive\":false,\"order\":12,\"idAttribute\":\"id\",\"type\":\"submit\",\"label\":\"ENVOYEZ\",\"processing_label\":\"Processing\",\"container_class\":\"\",\"element_class\":\"\",\"key\":\"envoyez_1730956902846\",\"field_label\":\"ENVOYEZ\",\"field_key\":\"envoyez_1730956902846\",\"drawerDisabled\":\"\",\"admin_label\":\"\",\"id\":43,\"beforeField\":\"\",\"afterField\":\"\",\"value\":\"\",\"label_pos\":\"above\",\"parentType\":\"textbox\",\"element_templates\":[\"submit\",\"button\",\"input\"],\"old_classname\":\"\",\"wrap_template\":\"wrap-no-label\"}];nfForms.push(form);<\/script>\n        \t\t<\/div>\n\t\t\t\t<\/div>\n\t\t\t\t\t<\/div>\n\t\t<\/div>\n\t\t\t\t\t<\/div>\n\t\t<\/section>\n\t\t\t\t<section class=\"elementor-section elementor-top-section elementor-element elementor-element-e92fbb6 elementor-section-boxed elementor-section-height-default elementor-section-height-default\" data-id=\"e92fbb6\" data-element_type=\"section\" data-settings=\"{&quot;_ha_eqh_enable&quot;:false}\">\n\t\t\t\t\t\t<div class=\"elementor-container elementor-column-gap-default\">\n\t\t\t\t\t<div class=\"elementor-column elementor-col-100 elementor-top-column elementor-element elementor-element-9927ea2\" data-id=\"9927ea2\" data-element_type=\"column\">\n\t\t\t<div class=\"elementor-widget-wrap elementor-element-populated\">\n\t\t\t\t\t\t<div class=\"elementor-element elementor-element-37fbf19 elementor-widget elementor-widget-image\" data-id=\"37fbf19\" data-element_type=\"widget\" data-widget_type=\"image.default\">\n\t\t\t\t<div class=\"elementor-widget-container\">\n\t\t\t\t\t\t\t\t\t\t\t\t\t<img decoding=\"async\" width=\"300\" height=\"279\" src=\"https:\/\/lemint.fr\/ouest\/wp-content\/uploads\/2025\/10\/IMG_4264-300x279.png\" class=\"attachment-medium size-medium wp-image-7811\" alt=\"\" srcset=\"https:\/\/lemint.fr\/ouest\/wp-content\/uploads\/2025\/10\/IMG_4264-300x279.png 300w, https:\/\/lemint.fr\/ouest\/wp-content\/uploads\/2025\/10\/IMG_4264-200x186.png 200w, https:\/\/lemint.fr\/ouest\/wp-content\/uploads\/2025\/10\/IMG_4264.png 550w\" sizes=\"(max-width: 300px) 100vw, 300px\" \/>\t\t\t\t\t\t\t\t\t\t\t\t\t<\/div>\n\t\t\t\t<\/div>\n\t\t\t\t\t<\/div>\n\t\t<\/div>\n\t\t\t\t\t<\/div>\n\t\t<\/section>\n\t\t\t\t<\/div>\n\t\t","protected":false},"excerpt":{"rendered":"<p>Au Mint, la musique est au c\u0153ur de notre ambiance. Nous avons cr\u00e9\u00e9 cet espace pour partager avec vous nos playlists exclusives, soigneusement s\u00e9lectionn\u00e9es pour accompagner vos moments chez nous. Plongez dans notre univers musical et laissez-vous emporter par des sons qui refl\u00e8tent notre identit\u00e9 et notre style unique.\u00a0 Vous avez une suggestion ou un morceau que vous adorez ?&#8230;<\/p>\n","protected":false},"author":1,"featured_media":1337,"parent":0,"menu_order":0,"comment_status":"closed","ping_status":"closed","template":"","meta":{"footnotes":""},"class_list":["post-5655","page","type-page","status-publish","has-post-thumbnail","hentry"],"_links":{"self":[{"href":"https:\/\/lemint.fr\/ouest\/wp-json\/wp\/v2\/pages\/5655"}],"collection":[{"href":"https:\/\/lemint.fr\/ouest\/wp-json\/wp\/v2\/pages"}],"about":[{"href":"https:\/\/lemint.fr\/ouest\/wp-json\/wp\/v2\/types\/page"}],"author":[{"embeddable":true,"href":"https:\/\/lemint.fr\/ouest\/wp-json\/wp\/v2\/users\/1"}],"replies":[{"embeddable":true,"href":"https:\/\/lemint.fr\/ouest\/wp-json\/wp\/v2\/comments?post=5655"}],"version-history":[{"count":49,"href":"https:\/\/lemint.fr\/ouest\/wp-json\/wp\/v2\/pages\/5655\/revisions"}],"predecessor-version":[{"id":7818,"href":"https:\/\/lemint.fr\/ouest\/wp-json\/wp\/v2\/pages\/5655\/revisions\/7818"}],"wp:featuredmedia":[{"embeddable":true,"href":"https:\/\/lemint.fr\/ouest\/wp-json\/wp\/v2\/media\/1337"}],"wp:attachment":[{"href":"https:\/\/lemint.fr\/ouest\/wp-json\/wp\/v2\/media?parent=5655"}],"curies":[{"name":"wp","href":"https:\/\/api.w.org\/{rel}","templated":true}]}}