{"id":428,"date":"2018-05-11T08:41:27","date_gmt":"2018-05-11T06:41:27","guid":{"rendered":"https:\/\/matchthemes.com\/demowp\/caverta\/?page_id=428"},"modified":"2024-12-04T03:25:43","modified_gmt":"2024-12-04T02:25:43","slug":"contact","status":"publish","type":"page","link":"https:\/\/lemint.fr\/ouest\/contact\/","title":{"rendered":"ACC\u00c8S\/CONTACT"},"content":{"rendered":"\t\t<div data-elementor-type=\"wp-post\" data-elementor-id=\"428\" class=\"elementor elementor-428\">\n\t\t\t\t\t\t<section class=\"elementor-section elementor-top-section elementor-element elementor-element-4dd25e1 elementor-section-boxed elementor-section-height-default elementor-section-height-default\" data-id=\"4dd25e1\" data-element_type=\"section\" data-settings=\"{&quot;_ha_eqh_enable&quot;:false}\">\n\t\t\t\t\t\t<div class=\"elementor-container elementor-column-gap-default\">\n\t\t\t\t\t<div class=\"elementor-column elementor-col-33 elementor-top-column elementor-element elementor-element-1f06862\" data-id=\"1f06862\" data-element_type=\"column\" data-settings=\"{&quot;background_background&quot;:&quot;classic&quot;}\">\n\t\t\t<div class=\"elementor-widget-wrap elementor-element-populated\">\n\t\t\t\t\t\t<div class=\"elementor-element elementor-element-2a464bf elementor-view-framed icon-circle elementor-shape-circle elementor-widget elementor-widget-icon\" data-id=\"2a464bf\" data-element_type=\"widget\" data-widget_type=\"icon.default\">\n\t\t\t\t<div class=\"elementor-widget-container\">\n\t\t\t\t\t<div class=\"elementor-icon-wrapper\">\n\t\t\t<div class=\"elementor-icon\">\n\t\t\t<i aria-hidden=\"true\" class=\"fas fa-map\"><\/i>\t\t\t<\/div>\n\t\t<\/div>\n\t\t\t\t<\/div>\n\t\t\t\t<\/div>\n\t\t\t\t<div class=\"elementor-element elementor-element-c70778d elementor-widget elementor-widget-text-editor\" data-id=\"c70778d\" data-element_type=\"widget\" data-widget_type=\"text-editor.default\">\n\t\t\t\t<div class=\"elementor-widget-container\">\n\t\t\t\t\t\t\t<div class=\"widgettitle margin-b16\">Adresse<\/div><p>58 rue Victor Hugo, 92300 Levallois Perret<\/p>\t\t\t\t\t\t<\/div>\n\t\t\t\t<\/div>\n\t\t\t\t\t<\/div>\n\t\t<\/div>\n\t\t\t\t<div class=\"elementor-column elementor-col-33 elementor-top-column elementor-element elementor-element-5057167\" data-id=\"5057167\" data-element_type=\"column\" data-settings=\"{&quot;background_background&quot;:&quot;classic&quot;}\">\n\t\t\t<div class=\"elementor-widget-wrap elementor-element-populated\">\n\t\t\t\t\t\t<div class=\"elementor-element elementor-element-d7703ee elementor-view-framed icon-circle elementor-shape-circle elementor-widget elementor-widget-icon\" data-id=\"d7703ee\" data-element_type=\"widget\" data-widget_type=\"icon.default\">\n\t\t\t\t<div class=\"elementor-widget-container\">\n\t\t\t\t\t<div class=\"elementor-icon-wrapper\">\n\t\t\t<div class=\"elementor-icon\">\n\t\t\t<i aria-hidden=\"true\" class=\"fas fa-phone\"><\/i>\t\t\t<\/div>\n\t\t<\/div>\n\t\t\t\t<\/div>\n\t\t\t\t<\/div>\n\t\t\t\t<div class=\"elementor-element elementor-element-5f85ef6 elementor-widget elementor-widget-text-editor\" data-id=\"5f85ef6\" data-element_type=\"widget\" data-widget_type=\"text-editor.default\">\n\t\t\t\t<div class=\"elementor-widget-container\">\n\t\t\t\t\t\t\t<div class=\"widgettitle margin-b16\">Contact<\/div><p>01 46 17 44 74<\/p>\t\t\t\t\t\t<\/div>\n\t\t\t\t<\/div>\n\t\t\t\t\t<\/div>\n\t\t<\/div>\n\t\t\t\t<div class=\"elementor-column elementor-col-33 elementor-top-column elementor-element elementor-element-9e0a9f1\" data-id=\"9e0a9f1\" data-element_type=\"column\">\n\t\t\t<div class=\"elementor-widget-wrap elementor-element-populated\">\n\t\t\t\t\t\t<div class=\"elementor-element elementor-element-2725ad7 elementor-view-framed icon-circle elementor-shape-circle elementor-widget elementor-widget-icon\" data-id=\"2725ad7\" data-element_type=\"widget\" data-widget_type=\"icon.default\">\n\t\t\t\t<div class=\"elementor-widget-container\">\n\t\t\t\t\t<div class=\"elementor-icon-wrapper\">\n\t\t\t<div class=\"elementor-icon\">\n\t\t\t<i aria-hidden=\"true\" class=\"fas fa-clock\"><\/i>\t\t\t<\/div>\n\t\t<\/div>\n\t\t\t\t<\/div>\n\t\t\t\t<\/div>\n\t\t\t\t<div class=\"elementor-element elementor-element-396e497 elementor-widget elementor-widget-text-editor\" data-id=\"396e497\" data-element_type=\"widget\" data-widget_type=\"text-editor.default\">\n\t\t\t\t<div class=\"elementor-widget-container\">\n\t\t\t\t\t\t\t<div>\n<div class=\"widgettitle margin-b16\">HORAIRES<\/div>\n<p>Du Lundi au Dimanche : 18h \u00e0 02h<\/p>\n<\/div>\t\t\t\t\t\t<\/div>\n\t\t\t\t<\/div>\n\t\t\t\t\t<\/div>\n\t\t<\/div>\n\t\t\t\t\t<\/div>\n\t\t<\/section>\n\t\t\t\t<section class=\"elementor-section elementor-top-section elementor-element elementor-element-755f08e elementor-section-boxed elementor-section-height-default elementor-section-height-default\" data-id=\"755f08e\" data-element_type=\"section\" data-settings=\"{&quot;_ha_eqh_enable&quot;:false}\">\n\t\t\t\t\t\t<div class=\"elementor-container elementor-column-gap-default\">\n\t\t\t\t\t<div class=\"elementor-column elementor-col-100 elementor-top-column elementor-element elementor-element-da1249b\" data-id=\"da1249b\" data-element_type=\"column\">\n\t\t\t<div class=\"elementor-widget-wrap elementor-element-populated\">\n\t\t\t\t\t\t<div class=\"elementor-element elementor-element-f9b62a2 elementor-widget elementor-widget-text-editor\" data-id=\"f9b62a2\" data-element_type=\"widget\" data-widget_type=\"text-editor.default\">\n\t\t\t\t<div class=\"elementor-widget-container\">\n\t\t\t\t\t\t\t<p>Chers Clients,\u00a0<\/p><p>Toutes les r\u00e9servations doivent \u00eatre effectu\u00e9es via notre module de r\u00e9servation en ligne. Un widget de r\u00e9servation est disponible sur toutes les pages de notre site.<\/p><p>Nous ne prenons pas de r\u00e9servations par t\u00e9l\u00e9phone ou via le formulaire de contact.<\/p><p>Merci de votre compr\u00e9hension !<\/p>\t\t\t\t\t\t<\/div>\n\t\t\t\t<\/div>\n\t\t\t\t\t<\/div>\n\t\t<\/div>\n\t\t\t\t\t<\/div>\n\t\t<\/section>\n\t\t\t\t<section class=\"elementor-section elementor-top-section elementor-element elementor-element-b584de4 elementor-section-boxed elementor-section-height-default elementor-section-height-default\" data-id=\"b584de4\" data-element_type=\"section\" data-settings=\"{&quot;_ha_eqh_enable&quot;:false}\">\n\t\t\t\t\t\t<div class=\"elementor-container elementor-column-gap-default\">\n\t\t\t\t\t<div class=\"elementor-column elementor-col-50 elementor-top-column elementor-element elementor-element-c80299b\" data-id=\"c80299b\" data-element_type=\"column\">\n\t\t\t<div class=\"elementor-widget-wrap elementor-element-populated\">\n\t\t\t\t\t\t<div class=\"elementor-element elementor-element-c0f70a5 elementor-widget elementor-widget-shortcode\" data-id=\"c0f70a5\" data-element_type=\"widget\" data-widget_type=\"shortcode.default\">\n\t\t\t\t<div class=\"elementor-widget-container\">\n\t\t\t\t\t<div class=\"elementor-shortcode\">\n<div class=\"wpcf7 no-js\" id=\"wpcf7-f407-o1\" lang=\"en-US\" dir=\"ltr\" data-wpcf7-id=\"407\">\n<div class=\"screen-reader-response\"><p role=\"status\" aria-live=\"polite\" aria-atomic=\"true\"><\/p> <ul><\/ul><\/div>\n<form action=\"\/ouest\/wp-json\/wp\/v2\/pages\/428#wpcf7-f407-o1\" method=\"post\" class=\"wpcf7-form init\" aria-label=\"Contact form\" novalidate=\"novalidate\" data-status=\"init\">\n<div style=\"display: none;\">\n<input type=\"hidden\" name=\"_wpcf7\" value=\"407\" \/>\n<input type=\"hidden\" name=\"_wpcf7_version\" value=\"6.0\" \/>\n<input type=\"hidden\" name=\"_wpcf7_locale\" value=\"en_US\" \/>\n<input type=\"hidden\" name=\"_wpcf7_unit_tag\" value=\"wpcf7-f407-o1\" \/>\n<input type=\"hidden\" name=\"_wpcf7_container_post\" value=\"0\" \/>\n<input type=\"hidden\" name=\"_wpcf7_posted_data_hash\" value=\"\" \/>\n<\/div>\n<p><span class=\"wpcf7-form-control-wrap\" data-name=\"your-name\"><input size=\"40\" maxlength=\"400\" class=\"wpcf7-form-control wpcf7-text wpcf7-validates-as-required comm-field\" aria-required=\"true\" aria-invalid=\"false\" placeholder=\"Nom Complet*\" value=\"\" type=\"text\" name=\"your-name\" \/><\/span>\n<\/p>\n<p><span class=\"wpcf7-form-control-wrap\" data-name=\"your-email\"><input size=\"40\" maxlength=\"400\" class=\"wpcf7-form-control wpcf7-email wpcf7-validates-as-required wpcf7-text wpcf7-validates-as-email comm-field\" aria-required=\"true\" aria-invalid=\"false\" placeholder=\"Email*\" value=\"\" type=\"email\" name=\"your-email\" \/><\/span>\n<\/p>\n<p><span class=\"wpcf7-form-control-wrap\" data-name=\"your-phone\"><input size=\"40\" maxlength=\"400\" class=\"wpcf7-form-control wpcf7-tel wpcf7-validates-as-required wpcf7-text wpcf7-validates-as-tel comm-field\" aria-required=\"true\" aria-invalid=\"false\" placeholder=\"T\u00e9l\u00e9phone*\" value=\"\" type=\"tel\" name=\"your-phone\" \/><\/span>\n<\/p>\n<p><span class=\"wpcf7-form-control-wrap\" data-name=\"your-message\"><textarea cols=\"40\" rows=\"5\" maxlength=\"2000\" class=\"wpcf7-form-control wpcf7-textarea wpcf7-validates-as-required\" id=\"msg-contact\" aria-required=\"true\" aria-invalid=\"false\" placeholder=\"Message*\" name=\"your-message\"><\/textarea><\/span>\n<\/p>\n<p><span class=\"wpcf7-form-control-wrap\" data-name=\"acceptance-366\"><span class=\"wpcf7-form-control wpcf7-acceptance\"><span class=\"wpcf7-list-item\"><label><input type=\"checkbox\" name=\"acceptance-366\" value=\"1\" aria-invalid=\"false\" \/><span class=\"wpcf7-list-item-label\">Cliquez ici pour envoyer le message<\/span><\/label><\/span><\/span><\/span>\n<\/p>\n<p class=\"contact-btn cntct-full\"><input class=\"wpcf7-form-control wpcf7-submit has-spinner\" id=\"submit-contact\" type=\"submit\" value=\"Envoyer\" \/>\n<\/p><p style=\"display: none !important;\" class=\"akismet-fields-container\" data-prefix=\"_wpcf7_ak_\"><label>&#916;<textarea name=\"_wpcf7_ak_hp_textarea\" cols=\"45\" rows=\"8\" maxlength=\"100\"><\/textarea><\/label><input type=\"hidden\" id=\"ak_js_1\" name=\"_wpcf7_ak_js\" value=\"37\"\/><script>document.getElementById( \"ak_js_1\" ).setAttribute( \"value\", ( new Date() ).getTime() );<\/script><\/p><div class=\"wpcf7-response-output\" aria-hidden=\"true\"><\/div>\n<\/form>\n<\/div>\n<\/div>\n\t\t\t\t<\/div>\n\t\t\t\t<\/div>\n\t\t\t\t\t<\/div>\n\t\t<\/div>\n\t\t\t\t<div class=\"elementor-column elementor-col-50 elementor-top-column elementor-element elementor-element-c98126d\" data-id=\"c98126d\" data-element_type=\"column\">\n\t\t\t<div class=\"elementor-widget-wrap elementor-element-populated\">\n\t\t\t\t\t\t<div class=\"elementor-element elementor-element-f39f0ec elementor-widget elementor-widget-google_maps\" data-id=\"f39f0ec\" data-element_type=\"widget\" data-widget_type=\"google_maps.default\">\n\t\t\t\t<div class=\"elementor-widget-container\">\n\t\t\t\t\t<div class=\"elementor-custom-embed\">\n\t\t\t<iframe loading=\"lazy\"\n\t\t\t\t\tsrc=\"https:\/\/maps.google.com\/maps?q=Mint%20Paris%20Ouest%20%2C%2058%20rue%20Victor%20Hugo%2C%2092300%20%20Levallois%20Perret&#038;t=m&#038;z=15&#038;output=embed&#038;iwloc=near\"\n\t\t\t\t\ttitle=\"Mint Paris Ouest , 58 rue Victor Hugo, 92300  Levallois Perret\"\n\t\t\t\t\taria-label=\"Mint Paris Ouest , 58 rue Victor Hugo, 92300  Levallois Perret\"\n\t\t\t><\/iframe>\n\t\t<\/div>\n\t\t\t\t<\/div>\n\t\t\t\t<\/div>\n\t\t\t\t\t<\/div>\n\t\t<\/div>\n\t\t\t\t\t<\/div>\n\t\t<\/section>\n\t\t\t\t<section class=\"elementor-section elementor-top-section elementor-element elementor-element-669b72c elementor-section-boxed elementor-section-height-default elementor-section-height-default\" data-id=\"669b72c\" data-element_type=\"section\" data-settings=\"{&quot;_ha_eqh_enable&quot;:false}\">\n\t\t\t\t\t\t<div class=\"elementor-container elementor-column-gap-default\">\n\t\t\t\t\t<div class=\"elementor-column elementor-col-100 elementor-top-column elementor-element elementor-element-8de1b82\" data-id=\"8de1b82\" data-element_type=\"column\">\n\t\t\t<div class=\"elementor-widget-wrap elementor-element-populated\">\n\t\t\t\t\t\t<div class=\"elementor-element elementor-element-07af746 elementor-widget elementor-widget-image\" data-id=\"07af746\" data-element_type=\"widget\" data-widget_type=\"image.default\">\n\t\t\t\t<div class=\"elementor-widget-container\">\n\t\t\t\t\t\t\t\t\t\t\t\t\t<img fetchpriority=\"high\" decoding=\"async\" width=\"1024\" height=\"1024\" src=\"https:\/\/lemint.fr\/ouest\/wp-content\/uploads\/2024\/11\/img_9665-1-1024x1024.jpg\" class=\"attachment-large size-large wp-image-6006\" alt=\"\" srcset=\"https:\/\/lemint.fr\/ouest\/wp-content\/uploads\/2024\/11\/img_9665-1-1024x1024.jpg 1024w, https:\/\/lemint.fr\/ouest\/wp-content\/uploads\/2024\/11\/img_9665-1-300x300.jpg 300w, https:\/\/lemint.fr\/ouest\/wp-content\/uploads\/2024\/11\/img_9665-1-150x150.jpg 150w, https:\/\/lemint.fr\/ouest\/wp-content\/uploads\/2024\/11\/img_9665-1-768x768.jpg 768w, https:\/\/lemint.fr\/ouest\/wp-content\/uploads\/2024\/11\/img_9665-1-200x200.jpg 200w, https:\/\/lemint.fr\/ouest\/wp-content\/uploads\/2024\/11\/img_9665-1.jpg 1320w\" sizes=\"(max-width: 1024px) 100vw, 1024px\" \/>\t\t\t\t\t\t\t\t\t\t\t\t\t<\/div>\n\t\t\t\t<\/div>\n\t\t\t\t\t<\/div>\n\t\t<\/div>\n\t\t\t\t\t<\/div>\n\t\t<\/section>\n\t\t\t\t<section class=\"elementor-section elementor-top-section elementor-element elementor-element-30cad51 elementor-section-boxed elementor-section-height-default elementor-section-height-default\" data-id=\"30cad51\" data-element_type=\"section\" data-settings=\"{&quot;_ha_eqh_enable&quot;:false}\">\n\t\t\t\t\t\t<div class=\"elementor-container elementor-column-gap-default\">\n\t\t\t\t\t<div class=\"elementor-column elementor-col-100 elementor-top-column elementor-element elementor-element-6f17d49\" data-id=\"6f17d49\" data-element_type=\"column\">\n\t\t\t<div class=\"elementor-widget-wrap elementor-element-populated\">\n\t\t\t\t\t\t<div class=\"elementor-element elementor-element-7fe0fca elementor-widget-mobile__width-initial elementor-widget elementor-widget-text-editor\" data-id=\"7fe0fca\" data-element_type=\"widget\" data-widget_type=\"text-editor.default\">\n\t\t\t\t<div class=\"elementor-widget-container\">\n\t\t\t\t\t\t\t<p><strong>INFOS PRATIQUES:<\/strong><\/p><p>\u00a0<\/p><h6><strong>CUISINE<br \/><\/strong><\/h6><h6>_____________________________<\/h6><h6>Internationnal<\/h6><h6><strong>TYPE DE RESTAURANT<br \/><\/strong><\/h6><h6>_____________________________<\/h6><h6>Convivial\u00a0<\/h6><h6><strong>SERVICES<br \/><\/strong><\/h6><h6>_____________________________<\/h6><h6>Espace fumeurs, Climatisation, Parking \u00e0 disposition, Acc\u00e8s aux personnes \u00e0 mobilit\u00e9 r\u00e9duite.<\/h6><h6><strong>MOYENS DE PAIEMENT<br \/><\/strong><\/h6><h6>_____________________________<\/h6><h6>Apple Pay, Paiement Sans Contact, Visa, Mastercard, Esp\u00e8ces, Carte Restaurant*<\/h6>\t\t\t\t\t\t<\/div>\n\t\t\t\t<\/div>\n\t\t\t\t\t<\/div>\n\t\t<\/div>\n\t\t\t\t\t<\/div>\n\t\t<\/section>\n\t\t\t\t<\/div>\n\t\t","protected":false},"excerpt":{"rendered":"<p>Adresse 58 rue Victor Hugo, 92300 Levallois Perret Contact 01 46 17 44 74 HORAIRES Du Lundi au Dimanche : 18h \u00e0 02h Chers Clients,\u00a0 Toutes les r\u00e9servations doivent \u00eatre effectu\u00e9es via notre module de r\u00e9servation en ligne. Un widget de r\u00e9servation est disponible sur toutes les pages de notre site. Nous ne prenons pas de r\u00e9servations par t\u00e9l\u00e9phone ou&#8230;<\/p>\n","protected":false},"author":1,"featured_media":1337,"parent":0,"menu_order":0,"comment_status":"closed","ping_status":"closed","template":"","meta":{"footnotes":""},"class_list":["post-428","page","type-page","status-publish","has-post-thumbnail","hentry"],"_links":{"self":[{"href":"https:\/\/lemint.fr\/ouest\/wp-json\/wp\/v2\/pages\/428"}],"collection":[{"href":"https:\/\/lemint.fr\/ouest\/wp-json\/wp\/v2\/pages"}],"about":[{"href":"https:\/\/lemint.fr\/ouest\/wp-json\/wp\/v2\/types\/page"}],"author":[{"embeddable":true,"href":"https:\/\/lemint.fr\/ouest\/wp-json\/wp\/v2\/users\/1"}],"replies":[{"embeddable":true,"href":"https:\/\/lemint.fr\/ouest\/wp-json\/wp\/v2\/comments?post=428"}],"version-history":[{"count":59,"href":"https:\/\/lemint.fr\/ouest\/wp-json\/wp\/v2\/pages\/428\/revisions"}],"predecessor-version":[{"id":6173,"href":"https:\/\/lemint.fr\/ouest\/wp-json\/wp\/v2\/pages\/428\/revisions\/6173"}],"wp:featuredmedia":[{"embeddable":true,"href":"https:\/\/lemint.fr\/ouest\/wp-json\/wp\/v2\/media\/1337"}],"wp:attachment":[{"href":"https:\/\/lemint.fr\/ouest\/wp-json\/wp\/v2\/media?parent=428"}],"curies":[{"name":"wp","href":"https:\/\/api.w.org\/{rel}","templated":true}]}}