{"id":2044,"date":"2022-03-22T17:27:13","date_gmt":"2022-03-22T16:27:13","guid":{"rendered":"https:\/\/lemint.fr\/ouest\/?page_id=2044"},"modified":"2026-05-01T21:37:57","modified_gmt":"2026-05-01T19:37:57","slug":"lounge","status":"publish","type":"page","link":"https:\/\/lemint.fr\/ouest\/lounge\/","title":{"rendered":"Lounge"},"content":{"rendered":"\t\t<div data-elementor-type=\"wp-page\" data-elementor-id=\"2044\" class=\"elementor elementor-2044\">\n\t\t\t\t\t\t<section class=\"elementor-section elementor-top-section elementor-element elementor-element-ea06018 elementor-section-boxed elementor-section-height-default elementor-section-height-default\" data-id=\"ea06018\" data-element_type=\"section\" data-settings=\"{&quot;_ha_eqh_enable&quot;:false}\">\n\t\t\t\t\t\t<div class=\"elementor-container elementor-column-gap-default\">\n\t\t\t\t\t<div class=\"elementor-column elementor-col-33 elementor-top-column elementor-element elementor-element-e5c6207\" data-id=\"e5c6207\" data-element_type=\"column\">\n\t\t\t<div class=\"elementor-widget-wrap elementor-element-populated\">\n\t\t\t\t\t\t<div class=\"elementor-element elementor-element-681d68a elementor-button-danger elementor-align-center elementor-widget elementor-widget-button\" data-id=\"681d68a\" data-element_type=\"widget\" data-widget_type=\"button.default\">\n\t\t\t\t<div class=\"elementor-widget-container\">\n\t\t\t\t\t\t\t<div class=\"elementor-button-wrapper\">\n\t\t\t\t\t<a class=\"elementor-button elementor-button-link elementor-size-md\" href=\"#nos-narguiles\" id=\"nos-narguiles\">\n\t\t\t\t\t\t<span class=\"elementor-button-content-wrapper\">\n\t\t\t\t\t\t\t\t\t<span class=\"elementor-button-text\">Nos Narguil\u00e9s<\/span>\n\t\t\t\t\t<\/span>\n\t\t\t\t\t<\/a>\n\t\t\t\t<\/div>\n\t\t\t\t\t\t<\/div>\n\t\t\t\t<\/div>\n\t\t\t\t\t<\/div>\n\t\t<\/div>\n\t\t\t\t<div class=\"elementor-column elementor-col-33 elementor-top-column elementor-element elementor-element-e470266\" data-id=\"e470266\" data-element_type=\"column\">\n\t\t\t<div class=\"elementor-widget-wrap elementor-element-populated\">\n\t\t\t\t\t\t<div class=\"elementor-element elementor-element-6e0873f elementor-button-danger elementor-align-center elementor-widget elementor-widget-button\" data-id=\"6e0873f\" data-element_type=\"widget\" data-widget_type=\"button.default\">\n\t\t\t\t<div class=\"elementor-widget-container\">\n\t\t\t\t\t\t\t<div class=\"elementor-button-wrapper\">\n\t\t\t\t\t<a class=\"elementor-button elementor-button-link elementor-size-md\" href=\"#nos-gouts\">\n\t\t\t\t\t\t<span class=\"elementor-button-content-wrapper\">\n\t\t\t\t\t\t\t\t\t<span class=\"elementor-button-text\">Nos Go\u00fbts<\/span>\n\t\t\t\t\t<\/span>\n\t\t\t\t\t<\/a>\n\t\t\t\t<\/div>\n\t\t\t\t\t\t<\/div>\n\t\t\t\t<\/div>\n\t\t\t\t\t<\/div>\n\t\t<\/div>\n\t\t\t\t<div class=\"elementor-column elementor-col-33 elementor-top-column elementor-element elementor-element-dcf85db\" data-id=\"dcf85db\" data-element_type=\"column\">\n\t\t\t<div class=\"elementor-widget-wrap elementor-element-populated\">\n\t\t\t\t\t\t<div class=\"elementor-element elementor-element-b5398ce elementor-button-danger elementor-align-center elementor-widget elementor-widget-button\" data-id=\"b5398ce\" data-element_type=\"widget\" data-widget_type=\"button.default\">\n\t\t\t\t<div class=\"elementor-widget-container\">\n\t\t\t\t\t\t\t<div class=\"elementor-button-wrapper\">\n\t\t\t\t\t<a class=\"elementor-button elementor-button-link elementor-size-md\" href=\"#nos-boissons\">\n\t\t\t\t\t\t<span class=\"elementor-button-content-wrapper\">\n\t\t\t\t\t\t\t\t\t<span class=\"elementor-button-text\">Nos Boissons<\/span>\n\t\t\t\t\t<\/span>\n\t\t\t\t\t<\/a>\n\t\t\t\t<\/div>\n\t\t\t\t\t\t<\/div>\n\t\t\t\t<\/div>\n\t\t\t\t\t<\/div>\n\t\t<\/div>\n\t\t\t\t\t<\/div>\n\t\t<\/section>\n\t\t\t\t<section class=\"elementor-section elementor-top-section elementor-element elementor-element-4752f41 elementor-section-full_width elementor-section-height-default elementor-section-height-default\" data-id=\"4752f41\" data-element_type=\"section\" data-settings=\"{&quot;_ha_eqh_enable&quot;:false}\">\n\t\t\t\t\t\t<div class=\"elementor-container elementor-column-gap-default\">\n\t\t\t\t\t<div class=\"elementor-column elementor-col-100 elementor-top-column elementor-element elementor-element-a433c71\" data-id=\"a433c71\" data-element_type=\"column\">\n\t\t\t<div class=\"elementor-widget-wrap elementor-element-populated\">\n\t\t\t\t\t\t<div class=\"elementor-element elementor-element-b3a4a49 elementor-widget elementor-widget-narestaurant_unique_food_menu\" data-id=\"b3a4a49\" data-element_type=\"widget\" data-widget_type=\"narestaurant_unique_food_menu.default\">\n\t\t\t\t<div class=\"elementor-widget-container\">\n\t\t\t<div class=\"narep-food-menu-wrap food-menu-four\"><\/div>\t\t<\/div>\n\t\t\t\t<\/div>\n\t\t\t\t\t<\/div>\n\t\t<\/div>\n\t\t\t\t\t<\/div>\n\t\t<\/section>\n\t\t\t\t<section class=\"elementor-section elementor-top-section elementor-element elementor-element-d339f60 elementor-section-boxed elementor-section-height-default elementor-section-height-default\" data-id=\"d339f60\" data-element_type=\"section\" data-settings=\"{&quot;_ha_eqh_enable&quot;:false}\">\n\t\t\t\t\t\t<div class=\"elementor-container elementor-column-gap-default\">\n\t\t\t\t\t<div class=\"elementor-column elementor-col-100 elementor-top-column elementor-element elementor-element-27f70e7\" data-id=\"27f70e7\" data-element_type=\"column\">\n\t\t\t<div class=\"elementor-widget-wrap elementor-element-populated\">\n\t\t\t\t\t\t<div class=\"elementor-element elementor-element-a3c8507 elementor-widget elementor-widget-spacer\" data-id=\"a3c8507\" data-element_type=\"widget\" data-widget_type=\"spacer.default\">\n\t\t\t\t<div class=\"elementor-widget-container\">\n\t\t\t\t\t<div class=\"elementor-spacer\">\n\t\t\t<div class=\"elementor-spacer-inner\"><\/div>\n\t\t<\/div>\n\t\t\t\t<\/div>\n\t\t\t\t<\/div>\n\t\t\t\t\t<\/div>\n\t\t<\/div>\n\t\t\t\t\t<\/div>\n\t\t<\/section>\n\t\t\t\t<section class=\"elementor-section elementor-top-section elementor-element elementor-element-13b739a elementor-section-boxed elementor-section-height-default elementor-section-height-default\" data-id=\"13b739a\" data-element_type=\"section\" id=\"nos-narguiles\" data-settings=\"{&quot;_ha_eqh_enable&quot;:false}\">\n\t\t\t\t\t\t<div class=\"elementor-container elementor-column-gap-default\">\n\t\t\t\t\t<div class=\"elementor-column elementor-col-100 elementor-top-column elementor-element elementor-element-9029715\" data-id=\"9029715\" data-element_type=\"column\">\n\t\t\t<div class=\"elementor-widget-wrap elementor-element-populated\">\n\t\t\t\t\t\t<div class=\"elementor-element elementor-element-d62f069 elementor-widget elementor-widget-heading\" data-id=\"d62f069\" data-element_type=\"widget\" data-widget_type=\"heading.default\">\n\t\t\t\t<div class=\"elementor-widget-container\">\n\t\t\t<h1 class=\"elementor-heading-title elementor-size-default\">Nos Narguil\u00e9s<\/h1>\t\t<\/div>\n\t\t\t\t<\/div>\n\t\t\t\t\t<\/div>\n\t\t<\/div>\n\t\t\t\t\t<\/div>\n\t\t<\/section>\n\t\t\t\t<section class=\"elementor-section elementor-top-section elementor-element elementor-element-142e848 elementor-section-boxed elementor-section-height-default elementor-section-height-default\" data-id=\"142e848\" data-element_type=\"section\" data-settings=\"{&quot;_ha_eqh_enable&quot;:false}\">\n\t\t\t\t\t\t<div class=\"elementor-container elementor-column-gap-default\">\n\t\t\t\t\t<div class=\"elementor-column elementor-col-100 elementor-top-column elementor-element elementor-element-90c844a\" data-id=\"90c844a\" data-element_type=\"column\">\n\t\t\t<div class=\"elementor-widget-wrap elementor-element-populated\">\n\t\t\t\t\t\t<div class=\"elementor-element elementor-element-8b3e9d4 elementor-widget elementor-widget-narestaurant_unique_food_menu\" data-id=\"8b3e9d4\" data-element_type=\"widget\" data-widget_type=\"narestaurant_unique_food_menu.default\">\n\t\t\t\t<div class=\"elementor-widget-container\">\n\t\t\t<div class=\"narep-food-menu-wrap food-menu-four\"><div class=\"narep-food-menu-item-wrap zoom-image hav-img\">\n\t\t\t\t\t\t\t\t\t\t\t              <div class=\"narep-food-menu-item\"><div class=\"narep-image\"><img decoding=\"async\" src=\"https:\/\/lemint.fr\/ouest\/wp-content\/uploads\/2022\/03\/kaloud.jpg\" alt=\"Kaloud \"><\/div><\/div><div class=\"narep-food-menu-info\"><h4 class=\"narep-food-menu-title\"><span class=\"food-title\">Kaloud <\/span><span class=\"food-price\">25\u20ac<\/span><\/h4><p>Kaloud offre une bonne gestion de la chaleur pour des sessions classiques et agr\u00e9ables.<\/p><\/div>\n\t\t\t\t\t\t\t\t\t\t\t            <\/div><div class=\"narep-food-menu-item-wrap zoom-image no-img\">\n\t\t\t\t\t\t\t\t\t\t\t              <div class=\"narep-food-menu-info\"><h4 class=\"narep-food-menu-title\"><span class=\"food-title\">FORMULE Kaloud*<\/span><span class=\"food-price\">20\u20ac<\/span><\/h4><p>Narguil\u00e9 Kaloud +  Boisson Soft, Jus de Fruits ou Th\u00e9 <\/p><\/div>\n\t\t\t\t\t\t\t\t\t\t\t            <\/div><div class=\"narep-food-menu-item-wrap zoom-image hav-img\">\n\t\t\t\t\t\t\t\t\t\t\t              <div class=\"narep-food-menu-item\"><div class=\"narep-image\"><img decoding=\"async\" src=\"https:\/\/lemint.fr\/ouest\/wp-content\/uploads\/2022\/03\/Quasar.jpg\" alt=\"Quasar \"><\/div><\/div><div class=\"narep-food-menu-info\"><h4 class=\"narep-food-menu-title\"><span class=\"food-title\">Quasar <span class=\"food-label\">Le meilleur CHOIX<\/span><\/span><span class=\"food-price\">30\u20ac<\/span><\/h4><p>Quasar, plus performant, garantit des sessions longues et des saveurs optimales.<\/p><\/div>\n\t\t\t\t\t\t\t\t\t\t\t            <\/div><div class=\"narep-food-menu-item-wrap zoom-image no-img\">\n\t\t\t\t\t\t\t\t\t\t\t              <div class=\"narep-food-menu-info\"><h4 class=\"narep-food-menu-title\"><span class=\"food-title\">FORMULE Quasar*<\/span><span class=\"food-price\">25\u20ac<\/span><\/h4><p>Narguil\u00e9 Quasar + Boisson Soft, Jus de Fruits ou Th\u00e9 <\/p><\/div>\n\t\t\t\t\t\t\t\t\t\t\t            <\/div><\/div>\t\t<\/div>\n\t\t\t\t<\/div>\n\t\t\t\t\t<\/div>\n\t\t<\/div>\n\t\t\t\t\t<\/div>\n\t\t<\/section>\n\t\t\t\t<section class=\"elementor-section elementor-top-section elementor-element elementor-element-11626d7 elementor-section-boxed elementor-section-height-default elementor-section-height-default\" data-id=\"11626d7\" data-element_type=\"section\" data-settings=\"{&quot;_ha_eqh_enable&quot;:false}\">\n\t\t\t\t\t\t<div class=\"elementor-container elementor-column-gap-default\">\n\t\t\t\t\t<div class=\"elementor-column elementor-col-100 elementor-top-column elementor-element elementor-element-baeda5c\" data-id=\"baeda5c\" data-element_type=\"column\">\n\t\t\t<div class=\"elementor-widget-wrap elementor-element-populated\">\n\t\t\t\t\t\t<div class=\"elementor-element elementor-element-2a2d54e elementor-widget elementor-widget-text-editor\" data-id=\"2a2d54e\" data-element_type=\"widget\" data-widget_type=\"text-editor.default\">\n\t\t\t\t<div class=\"elementor-widget-container\">\n\t\t\t\t\t\t\t<p style=\"text-align: center;\"><strong>*Formules disponible uniquement du lundi au jeudi,<\/strong><br><strong>Hors e\u0301ve\u0300nements, veilles de jours fe\u0301rie\u0301s et jours fe\u0301rie\u0301s<\/strong><\/p>\t\t\t\t\t\t<\/div>\n\t\t\t\t<\/div>\n\t\t\t\t\t<\/div>\n\t\t<\/div>\n\t\t\t\t\t<\/div>\n\t\t<\/section>\n\t\t\t\t<section class=\"elementor-section elementor-top-section elementor-element elementor-element-33373e8 elementor-section-boxed elementor-section-height-default elementor-section-height-default\" data-id=\"33373e8\" data-element_type=\"section\" data-settings=\"{&quot;_ha_eqh_enable&quot;:false}\">\n\t\t\t\t\t\t<div class=\"elementor-container elementor-column-gap-default\">\n\t\t\t\t\t<div class=\"elementor-column elementor-col-100 elementor-top-column elementor-element elementor-element-99bf401\" data-id=\"99bf401\" data-element_type=\"column\">\n\t\t\t<div class=\"elementor-widget-wrap elementor-element-populated\">\n\t\t\t\t\t\t<div class=\"elementor-element elementor-element-226cad4 elementor-widget elementor-widget-spacer\" data-id=\"226cad4\" data-element_type=\"widget\" data-widget_type=\"spacer.default\">\n\t\t\t\t<div class=\"elementor-widget-container\">\n\t\t\t\t\t<div class=\"elementor-spacer\">\n\t\t\t<div class=\"elementor-spacer-inner\"><\/div>\n\t\t<\/div>\n\t\t\t\t<\/div>\n\t\t\t\t<\/div>\n\t\t\t\t\t<\/div>\n\t\t<\/div>\n\t\t\t\t\t<\/div>\n\t\t<\/section>\n\t\t\t\t<section class=\"elementor-section elementor-top-section elementor-element elementor-element-920a0a3 elementor-section-boxed elementor-section-height-default elementor-section-height-default\" data-id=\"920a0a3\" data-element_type=\"section\" id=\"nos-gouts\" data-settings=\"{&quot;_ha_eqh_enable&quot;:false}\">\n\t\t\t\t\t\t<div class=\"elementor-container elementor-column-gap-default\">\n\t\t\t\t\t<div class=\"elementor-column elementor-col-100 elementor-top-column elementor-element elementor-element-e728e4a\" data-id=\"e728e4a\" data-element_type=\"column\">\n\t\t\t<div class=\"elementor-widget-wrap elementor-element-populated\">\n\t\t\t\t\t\t<div class=\"elementor-element elementor-element-2d5169b elementor-widget elementor-widget-heading\" data-id=\"2d5169b\" data-element_type=\"widget\" data-widget_type=\"heading.default\">\n\t\t\t\t<div class=\"elementor-widget-container\">\n\t\t\t<h1 class=\"elementor-heading-title elementor-size-default\">Nos Go\u00fbts<\/h1>\t\t<\/div>\n\t\t\t\t<\/div>\n\t\t\t\t\t<\/div>\n\t\t<\/div>\n\t\t\t\t\t<\/div>\n\t\t<\/section>\n\t\t\t\t<section class=\"elementor-section elementor-top-section elementor-element elementor-element-d67cfea elementor-section-boxed elementor-section-height-default elementor-section-height-default\" data-id=\"d67cfea\" data-element_type=\"section\" data-settings=\"{&quot;_ha_eqh_enable&quot;:false}\">\n\t\t\t\t\t\t<div class=\"elementor-container elementor-column-gap-default\">\n\t\t\t\t\t<div class=\"elementor-column elementor-col-100 elementor-top-column elementor-element elementor-element-6a5fded\" data-id=\"6a5fded\" data-element_type=\"column\">\n\t\t\t<div class=\"elementor-widget-wrap elementor-element-populated\">\n\t\t\t\t\t\t<div class=\"elementor-element elementor-element-efac100 elementor-widget elementor-widget-narestaurant_unique_food_menu\" data-id=\"efac100\" data-element_type=\"widget\" data-widget_type=\"narestaurant_unique_food_menu.default\">\n\t\t\t\t<div class=\"elementor-widget-container\">\n\t\t\t<div class=\"narep-food-menu-wrap food-menu-four\"><div class=\"narep-food-menu-item-wrap zoom-image hav-img\">\n\t\t\t\t\t\t\t\t\t\t\t              <div class=\"narep-food-menu-item\"><div class=\"narep-image\"><img decoding=\"async\" src=\"https:\/\/lemint.fr\/ouest\/wp-content\/uploads\/2022\/03\/menthe.jpg\" alt=\"Menthe\"><\/div><\/div><div class=\"narep-food-menu-info\"><h4 class=\"narep-food-menu-title\"><span class=\"food-title\">Menthe<\/span><\/h4><\/div>\n\t\t\t\t\t\t\t\t\t\t\t            <\/div><div class=\"narep-food-menu-item-wrap zoom-image hav-img\">\n\t\t\t\t\t\t\t\t\t\t\t              <div class=\"narep-food-menu-item\"><div class=\"narep-image\"><img decoding=\"async\" src=\"https:\/\/lemint.fr\/ouest\/wp-content\/uploads\/2022\/03\/pomme.jpg\" alt=\"Pomme\"><\/div><\/div><div class=\"narep-food-menu-info\"><h4 class=\"narep-food-menu-title\"><span class=\"food-title\">Pomme<\/span><\/h4><\/div>\n\t\t\t\t\t\t\t\t\t\t\t            <\/div><div class=\"narep-food-menu-item-wrap zoom-image hav-img\">\n\t\t\t\t\t\t\t\t\t\t\t              <div class=\"narep-food-menu-item\"><div class=\"narep-image\"><img decoding=\"async\" src=\"https:\/\/lemint.fr\/ouest\/wp-content\/uploads\/2022\/03\/mi-amor.jpg\" alt=\"Mi Amor\"><\/div><\/div><div class=\"narep-food-menu-info\"><h4 class=\"narep-food-menu-title\"><span class=\"food-title\">Mi Amor<\/span><\/h4><p>Banane, Fruits Rouges<\/p><\/div>\n\t\t\t\t\t\t\t\t\t\t\t            <\/div><div class=\"narep-food-menu-item-wrap zoom-image hav-img\">\n\t\t\t\t\t\t\t\t\t\t\t              <div class=\"narep-food-menu-item\"><div class=\"narep-image\"><img decoding=\"async\" src=\"https:\/\/lemint.fr\/ouest\/wp-content\/uploads\/2022\/03\/love-66.jpg\" alt=\"Love 66\"><\/div><\/div><div class=\"narep-food-menu-info\"><h4 class=\"narep-food-menu-title\"><span class=\"food-title\">Love 66<\/span><\/h4><p>Melon, Passion, & Past\u00e8que<\/p><\/div>\n\t\t\t\t\t\t\t\t\t\t\t            <\/div><div class=\"narep-food-menu-item-wrap zoom-image hav-img\">\n\t\t\t\t\t\t\t\t\t\t\t              <div class=\"narep-food-menu-item\"><div class=\"narep-image\"><img decoding=\"async\" src=\"https:\/\/lemint.fr\/ouest\/wp-content\/uploads\/2022\/03\/hawai.jpg\" alt=\"Hawa\u00ef\"><\/div><\/div><div class=\"narep-food-menu-info\"><h4 class=\"narep-food-menu-title\"><span class=\"food-title\">Hawa\u00ef<\/span><\/h4><p>P\u00eache & Ananas<\/p><\/div>\n\t\t\t\t\t\t\t\t\t\t\t            <\/div><div class=\"narep-food-menu-item-wrap zoom-image hav-img\">\n\t\t\t\t\t\t\t\t\t\t\t              <div class=\"narep-food-menu-item\"><div class=\"narep-image\"><img decoding=\"async\" src=\"https:\/\/lemint.fr\/ouest\/wp-content\/uploads\/2022\/03\/Saveur-du-moment.jpg\" alt=\"Saveurs du Moment +5\u20ac\"><\/div><\/div><div class=\"narep-food-menu-info\"><h4 class=\"narep-food-menu-title\"><span class=\"food-title\">Saveurs du Moment +5\u20ac<span class=\"food-label\">Exclusif <\/span><\/span><\/h4><p>Demander les go\u00fbts<\/p><\/div>\n\t\t\t\t\t\t\t\t\t\t\t            <\/div><\/div>\t\t<\/div>\n\t\t\t\t<\/div>\n\t\t\t\t\t<\/div>\n\t\t<\/div>\n\t\t\t\t\t<\/div>\n\t\t<\/section>\n\t\t\t\t<section class=\"elementor-section elementor-top-section elementor-element elementor-element-3b6dd94 elementor-section-boxed elementor-section-height-default elementor-section-height-default\" data-id=\"3b6dd94\" data-element_type=\"section\" data-settings=\"{&quot;_ha_eqh_enable&quot;:false}\">\n\t\t\t\t\t\t<div class=\"elementor-container elementor-column-gap-default\">\n\t\t\t\t\t<div class=\"elementor-column elementor-col-100 elementor-top-column elementor-element elementor-element-39d3911\" data-id=\"39d3911\" data-element_type=\"column\">\n\t\t\t<div class=\"elementor-widget-wrap elementor-element-populated\">\n\t\t\t\t\t\t<div class=\"elementor-element elementor-element-0d62b70 elementor-widget elementor-widget-text-editor\" data-id=\"0d62b70\" data-element_type=\"widget\" data-widget_type=\"text-editor.default\">\n\t\t\t\t<div class=\"elementor-widget-container\">\n\t\t\t\t\t\t\t<p style=\"text-align: center;\">Fumer est dangereux pour la sant\u00e9. \u00c0 consommer avec mod\u00e9ration. La vente et la consommation de tabac sont interdites aux mineurs.<\/p><p style=\"text-align: center;\">Tabac info service +33 39 89<\/p>\t\t\t\t\t\t<\/div>\n\t\t\t\t<\/div>\n\t\t\t\t\t<\/div>\n\t\t<\/div>\n\t\t\t\t\t<\/div>\n\t\t<\/section>\n\t\t\t\t<section class=\"elementor-section elementor-top-section elementor-element elementor-element-c5c85b6 elementor-section-boxed elementor-section-height-default elementor-section-height-default\" data-id=\"c5c85b6\" data-element_type=\"section\" id=\"nos-boissons\" data-settings=\"{&quot;_ha_eqh_enable&quot;:false}\">\n\t\t\t\t\t\t<div class=\"elementor-container elementor-column-gap-default\">\n\t\t\t\t\t<div class=\"elementor-column elementor-col-100 elementor-top-column elementor-element elementor-element-29cbb14\" data-id=\"29cbb14\" data-element_type=\"column\">\n\t\t\t<div class=\"elementor-widget-wrap elementor-element-populated\">\n\t\t\t\t\t\t<div class=\"elementor-element elementor-element-6d02826 elementor-widget elementor-widget-heading\" data-id=\"6d02826\" data-element_type=\"widget\" data-widget_type=\"heading.default\">\n\t\t\t\t<div class=\"elementor-widget-container\">\n\t\t\t<h1 class=\"elementor-heading-title elementor-size-default\">Nos Boissons<\/h1>\t\t<\/div>\n\t\t\t\t<\/div>\n\t\t\t\t\t<\/div>\n\t\t<\/div>\n\t\t\t\t\t<\/div>\n\t\t<\/section>\n\t\t\t\t<section class=\"elementor-section elementor-top-section elementor-element elementor-element-e48f5e7 elementor-section-boxed elementor-section-height-default elementor-section-height-default\" data-id=\"e48f5e7\" data-element_type=\"section\" data-settings=\"{&quot;_ha_eqh_enable&quot;:false}\">\n\t\t\t\t\t\t<div class=\"elementor-container elementor-column-gap-default\">\n\t\t\t\t\t<div class=\"elementor-column elementor-col-100 elementor-top-column elementor-element elementor-element-fae677c\" data-id=\"fae677c\" data-element_type=\"column\">\n\t\t\t<div class=\"elementor-widget-wrap elementor-element-populated\">\n\t\t\t\t\t\t<div class=\"elementor-element elementor-element-c4c322d elementor-widget elementor-widget-narestaurant_unique_food_menu\" data-id=\"c4c322d\" data-element_type=\"widget\" data-widget_type=\"narestaurant_unique_food_menu.default\">\n\t\t\t\t<div class=\"elementor-widget-container\">\n\t\t\t<div class=\"narep-food-menu-wrap\"><div class=\"narep-food-menu-item-wrap zoom-image no-img\">\n\t\t\t\t\t\t\t\t\t\t\t              <div class=\"narep-food-menu-info\"><h4 class=\"narep-food-menu-title\"><span class=\"food-title\">CAF\u00c9 - NESPRESSO X JOYEUX<\/span><span class=\"food-price\">4\u20ac<\/span><\/h4><\/div>\n\t\t\t\t\t\t\t\t\t\t\t            <\/div><div class=\"narep-food-menu-item-wrap zoom-image no-img\">\n\t\t\t\t\t\t\t\t\t\t\t              <div class=\"narep-food-menu-info\"><h4 class=\"narep-food-menu-title\"><span class=\"food-title\">TH\u00c9 A LA MENTHE<\/span><span class=\"food-price\">7\u20ac<\/span><\/h4><p>Magnum de Th\u00e9 individuel <\/p><\/div>\n\t\t\t\t\t\t\t\t\t\t\t            <\/div><div class=\"narep-food-menu-item-wrap zoom-image no-img\">\n\t\t\t\t\t\t\t\t\t\t\t              <div class=\"narep-food-menu-info\"><h4 class=\"narep-food-menu-title\"><span class=\"food-title\">SOFTS<\/span><span class=\"food-price\">7\u20ac<\/span><\/h4><p>Coca-Cola  33cl<br>\nCoca-Cola Sans Sucre 33cl <br>\n\nSprite 25cl <br>\nOasis Tropical  25cl<br>\nSchweppes Agrumes 25cl<br>\n\nIce Tea Pe\u0302che 25cl<br>\nOrangina 20cl<br>\nFanta 20cl <br>\n<\/p><\/div>\n\t\t\t\t\t\t\t\t\t\t\t            <\/div><div class=\"narep-food-menu-item-wrap zoom-image no-img\">\n\t\t\t\t\t\t\t\t\t\t\t              <div class=\"narep-food-menu-info\"><h4 class=\"narep-food-menu-title\"><span class=\"food-title\">JUS DE FRUITS MINUTe MAID 25cl<\/span><span class=\"food-price\">7\u20ac<\/span><\/h4><p>Pomme <br> Ananas<\/p><\/div>\n\t\t\t\t\t\t\t\t\t\t\t            <\/div><div class=\"narep-food-menu-item-wrap zoom-image no-img\">\n\t\t\t\t\t\t\t\t\t\t\t              <div class=\"narep-food-menu-info\"><h4 class=\"narep-food-menu-title\"><span class=\"food-title\">Cocktails<\/span><span class=\"food-price\">10\u20ac<\/span><\/h4><p>Mojito <br>\n\nStrawberry Mojito <br>\n\nPassion Mojito <br>\n\nPi\u00f1a Colada<\/p><\/div>\n\t\t\t\t\t\t\t\t\t\t\t            <\/div><div class=\"narep-food-menu-item-wrap zoom-image no-img\">\n\t\t\t\t\t\t\t\t\t\t\t              <div class=\"narep-food-menu-info\"><h4 class=\"narep-food-menu-title\"><span class=\"food-title\">Energy<\/span><span class=\"food-price\">8\u20ac<\/span><\/h4><p>RedBull 25cl <br>\n\nRedBull Past\u00e8que 25cl (+1\u20ac)<\/p><\/div>\n\t\t\t\t\t\t\t\t\t\t\t            <\/div><div class=\"narep-food-menu-item-wrap zoom-image no-img\">\n\t\t\t\t\t\t\t\t\t\t\t              <div class=\"narep-food-menu-info\"><h4 class=\"narep-food-menu-title\"><span class=\"food-title\">Eaux <\/span><span class=\"food-price\">6\u20ac<\/span><\/h4><p>Vittel 50cl <br> Perrier 33cl <\/p><\/div>\n\t\t\t\t\t\t\t\t\t\t\t            <\/div><div class=\"narep-food-menu-item-wrap zoom-image no-img\">\n\t\t\t\t\t\t\t\t\t\t\t              <div class=\"narep-food-menu-info\"><h4 class=\"narep-food-menu-title\"><span class=\"food-title\">Suppl\u00e9ment sirops<\/span><span class=\"food-price\">1\u20ac<\/span><\/h4><p>Fraise, Framboise, Grenadine, Passion, Mangue, Violette, Pomme, Menthe, Citron Rior, Melon, Pe\u0302che, Cassis<\/p><\/div>\n\t\t\t\t\t\t\t\t\t\t\t            <\/div><div class=\"narep-food-menu-item-wrap zoom-image no-img\">\n\t\t\t\t\t\t\t\t\t\t\t              <div class=\"narep-food-menu-info\"><h4 class=\"narep-food-menu-title\"><span class=\"food-title\">SMOTHIES<\/span><span class=\"food-price\">10\u20ac<\/span><\/h4><p>Strawberry<\/p><\/div>\n\t\t\t\t\t\t\t\t\t\t\t            <\/div><div class=\"narep-food-menu-item-wrap zoom-image no-img\">\n\t\t\t\t\t\t\t\t\t\t\t              <div class=\"narep-food-menu-info\"><h4 class=\"narep-food-menu-title\"><span class=\"food-title\">Milkshake<\/span><span class=\"food-price\">10\u20ac<\/span><\/h4><p>\nVanille <br>\nSpeculoos <br>\nOreo <br>\nNUTELLA\u00ae <\/p><\/div>\n\t\t\t\t\t\t\t\t\t\t\t            <\/div><\/div>\t\t<\/div>\n\t\t\t\t<\/div>\n\t\t\t\t\t<\/div>\n\t\t<\/div>\n\t\t\t\t\t<\/div>\n\t\t<\/section>\n\t\t\t\t<\/div>\n\t\t","protected":false},"excerpt":{"rendered":"<p>Nos Narguil\u00e9s Nos Go\u00fbts Nos Boissons Nos Narguil\u00e9s Kaloud 25\u20ac Kaloud offre une bonne gestion de la chaleur pour des sessions classiques et agr\u00e9ables. FORMULE Kaloud*20\u20ac Narguil\u00e9 Kaloud + Boisson Soft, Jus de Fruits ou Th\u00e9 Quasar Le meilleur CHOIX30\u20ac Quasar, plus performant, garantit des sessions longues et des saveurs optimales. FORMULE Quasar*25\u20ac Narguil\u00e9 Quasar + Boisson Soft, Jus de&#8230;<\/p>\n","protected":false},"author":1,"featured_media":5355,"parent":0,"menu_order":0,"comment_status":"closed","ping_status":"closed","template":"","meta":{"footnotes":""},"class_list":["post-2044","page","type-page","status-publish","has-post-thumbnail","hentry"],"_links":{"self":[{"href":"https:\/\/lemint.fr\/ouest\/wp-json\/wp\/v2\/pages\/2044"}],"collection":[{"href":"https:\/\/lemint.fr\/ouest\/wp-json\/wp\/v2\/pages"}],"about":[{"href":"https:\/\/lemint.fr\/ouest\/wp-json\/wp\/v2\/types\/page"}],"author":[{"embeddable":true,"href":"https:\/\/lemint.fr\/ouest\/wp-json\/wp\/v2\/users\/1"}],"replies":[{"embeddable":true,"href":"https:\/\/lemint.fr\/ouest\/wp-json\/wp\/v2\/comments?post=2044"}],"version-history":[{"count":279,"href":"https:\/\/lemint.fr\/ouest\/wp-json\/wp\/v2\/pages\/2044\/revisions"}],"predecessor-version":[{"id":8612,"href":"https:\/\/lemint.fr\/ouest\/wp-json\/wp\/v2\/pages\/2044\/revisions\/8612"}],"wp:featuredmedia":[{"embeddable":true,"href":"https:\/\/lemint.fr\/ouest\/wp-json\/wp\/v2\/media\/5355"}],"wp:attachment":[{"href":"https:\/\/lemint.fr\/ouest\/wp-json\/wp\/v2\/media?parent=2044"}],"curies":[{"name":"wp","href":"https:\/\/api.w.org\/{rel}","templated":true}]}}